{"id":116,"date":"2017-07-15T17:29:06","date_gmt":"2017-07-15T21:29:06","guid":{"rendered":"http:\/\/lab.naranjaweb.cl\/semeval\/?page_id=116"},"modified":"2022-09-13T11:39:29","modified_gmt":"2022-09-13T15:39:29","slug":"bono-convenios","status":"publish","type":"page","link":"https:\/\/www.semeval.cl\/newsite\/bono-convenios\/","title":{"rendered":"Bono Electr\u00f3nico y Convenios"},"content":{"rendered":"<p>Los\u00a0<strong>bonos de atenci\u00f3n de salud de Fonasa<\/strong>\u00a0permiten acceder a la prestaci\u00f3n m\u00e9dica y realizaci\u00f3n de <b>sus ex\u00e1menes. <\/b>Ud puede\u00a0<b>adquirirlos en nuestro laboratorio<\/b>, sucursales Fonasa y\u00a0Punto de atenci\u00f3n de IPS-ChileAtiende de Valpara\u00edso.<\/p>\n<p>En SEMEVAL los usuarios\u00a0 podr\u00e1n realizar sus ex\u00e1menes con bono de Fonasa nivel 3 y tambi\u00e9n atendemos pacientes particulares.<\/p>\n\n\t\t<style type=\"text\/css\">\n\t\t\t#gallery-1 {\n\t\t\t\tmargin: auto;\n\t\t\t}\n\t\t\t#gallery-1 .gallery-item {\n\t\t\t\tfloat: left;\n\t\t\t\tmargin-top: 10px;\n\t\t\t\ttext-align: center;\n\t\t\t\twidth: 100%;\n\t\t\t}\n\t\t\t#gallery-1 img {\n\t\t\t\tborder: 2px solid #cfcfcf;\n\t\t\t}\n\t\t\t#gallery-1 .gallery-caption {\n\t\t\t\tmargin-left: 0;\n\t\t\t}\n\t\t\t\/* see gallery_shortcode() in wp-includes\/media.php *\/\n\t\t<\/style>\n\t\t<div id='gallery-1' class='gallery galleryid-116 gallery-columns-1 gallery-size-full'><dl class='gallery-item'>\n\t\t\t<dt class='gallery-icon landscape'>\n\t\t\t\t<a href='https:\/\/www.semeval.cl\/newsite\/wp-content\/uploads\/2017\/07\/convenio-fonasa.png'><img width=\"300\" height=\"140\" src=\"https:\/\/www.semeval.cl\/newsite\/wp-content\/uploads\/2017\/07\/convenio-fonasa.png\" class=\"attachment-full size-full\" alt=\"\" loading=\"lazy\" \/><\/a>\n\t\t\t<\/dt><\/dl><br style=\"clear: both\" \/>\n\t\t<\/div>\n\n","protected":false},"excerpt":{"rendered":"<p>Los\u00a0bonos de atenci\u00f3n de salud de Fonasa\u00a0permiten acceder a la prestaci\u00f3n m\u00e9dica y realizaci\u00f3n de sus ex\u00e1menes. Ud puede\u00a0adquirirlos en nuestro laboratorio, sucursales Fonasa y\u00a0Punto de atenci\u00f3n de IPS-ChileAtiende de Valpara\u00edso. En SEMEVAL los usuarios\u00a0 podr\u00e1n realizar sus ex\u00e1menes con bono de Fonasa nivel 3 y tambi\u00e9n atendemos pacientes particulares.<\/p>\n","protected":false},"author":1,"featured_media":0,"parent":0,"menu_order":0,"comment_status":"closed","ping_status":"closed","template":"","meta":[],"yoast_head":"<!-- This site is optimized with the Yoast SEO plugin v15.5 - https:\/\/yoast.com\/wordpress\/plugins\/seo\/ -->\n<meta name=\"robots\" content=\"index, follow, max-snippet:-1, max-image-preview:large, max-video-preview:-1\" \/>\n<link rel=\"canonical\" href=\"https:\/\/www.semeval.cl\/newsite\/bono-convenios\/\" \/>\n<meta property=\"og:locale\" content=\"es_ES\" \/>\n<meta property=\"og:type\" content=\"article\" \/>\n<meta property=\"og:title\" content=\"Bono Electr\u00f3nico y Convenios - Semeval\" \/>\n<meta property=\"og:description\" content=\"Los\u00a0bonos de atenci\u00f3n de salud de Fonasa\u00a0permiten acceder a la prestaci\u00f3n m\u00e9dica y realizaci\u00f3n de sus ex\u00e1menes. Ud puede\u00a0adquirirlos en nuestro laboratorio, sucursales Fonasa y\u00a0Punto de atenci\u00f3n de IPS-ChileAtiende de Valpara\u00edso. En SEMEVAL los usuarios\u00a0 podr\u00e1n realizar sus ex\u00e1menes con bono de Fonasa nivel 3 y tambi\u00e9n atendemos pacientes particulares.\" \/>\n<meta property=\"og:url\" content=\"https:\/\/www.semeval.cl\/newsite\/bono-convenios\/\" \/>\n<meta property=\"og:site_name\" content=\"Semeval\" \/>\n<meta property=\"article:modified_time\" content=\"2022-09-13T15:39:29+00:00\" \/>\n<meta property=\"og:image\" content=\"https:\/\/www.semeval.cl\/newsite\/wp-content\/uploads\/2017\/07\/convenio-fonasa.png\" \/>\n<meta name=\"twitter:card\" content=\"summary\" \/>\n<meta name=\"twitter:label1\" content=\"Tiempo de lectura\">\n\t<meta name=\"twitter:data1\" content=\"0 minutos\">\n<script type=\"application\/ld+json\" class=\"yoast-schema-graph\">{\"@context\":\"https:\/\/schema.org\",\"@graph\":[{\"@type\":\"WebSite\",\"@id\":\"https:\/\/www.semeval.cl\/newsite\/#website\",\"url\":\"https:\/\/www.semeval.cl\/newsite\/\",\"name\":\"Semeval\",\"description\":\"Laboratorio Cl\\u00ednico\",\"potentialAction\":[{\"@type\":\"SearchAction\",\"target\":\"https:\/\/www.semeval.cl\/newsite\/?s={search_term_string}\",\"query-input\":\"required name=search_term_string\"}],\"inLanguage\":\"es\"},{\"@type\":\"WebPage\",\"@id\":\"https:\/\/www.semeval.cl\/newsite\/bono-convenios\/#webpage\",\"url\":\"https:\/\/www.semeval.cl\/newsite\/bono-convenios\/\",\"name\":\"Bono Electr\\u00f3nico y Convenios - Semeval\",\"isPartOf\":{\"@id\":\"https:\/\/www.semeval.cl\/newsite\/#website\"},\"datePublished\":\"2017-07-15T21:29:06+00:00\",\"dateModified\":\"2022-09-13T15:39:29+00:00\",\"breadcrumb\":{\"@id\":\"https:\/\/www.semeval.cl\/newsite\/bono-convenios\/#breadcrumb\"},\"inLanguage\":\"es\",\"potentialAction\":[{\"@type\":\"ReadAction\",\"target\":[\"https:\/\/www.semeval.cl\/newsite\/bono-convenios\/\"]}]},{\"@type\":\"BreadcrumbList\",\"@id\":\"https:\/\/www.semeval.cl\/newsite\/bono-convenios\/#breadcrumb\",\"itemListElement\":[{\"@type\":\"ListItem\",\"position\":1,\"item\":{\"@type\":\"WebPage\",\"@id\":\"https:\/\/www.semeval.cl\/newsite\/\",\"url\":\"https:\/\/www.semeval.cl\/newsite\/\",\"name\":\"Portada\"}},{\"@type\":\"ListItem\",\"position\":2,\"item\":{\"@type\":\"WebPage\",\"@id\":\"https:\/\/www.semeval.cl\/newsite\/bono-convenios\/\",\"url\":\"https:\/\/www.semeval.cl\/newsite\/bono-convenios\/\",\"name\":\"Bono Electr\\u00f3nico y Convenios\"}}]}]}<\/script>\n<!-- \/ Yoast SEO plugin. -->","_links":{"self":[{"href":"https:\/\/www.semeval.cl\/newsite\/wp-json\/wp\/v2\/pages\/116"}],"collection":[{"href":"https:\/\/www.semeval.cl\/newsite\/wp-json\/wp\/v2\/pages"}],"about":[{"href":"https:\/\/www.semeval.cl\/newsite\/wp-json\/wp\/v2\/types\/page"}],"author":[{"embeddable":true,"href":"https:\/\/www.semeval.cl\/newsite\/wp-json\/wp\/v2\/users\/1"}],"replies":[{"embeddable":true,"href":"https:\/\/www.semeval.cl\/newsite\/wp-json\/wp\/v2\/comments?post=116"}],"version-history":[{"count":10,"href":"https:\/\/www.semeval.cl\/newsite\/wp-json\/wp\/v2\/pages\/116\/revisions"}],"predecessor-version":[{"id":254,"href":"https:\/\/www.semeval.cl\/newsite\/wp-json\/wp\/v2\/pages\/116\/revisions\/254"}],"wp:attachment":[{"href":"https:\/\/www.semeval.cl\/newsite\/wp-json\/wp\/v2\/media?parent=116"}],"curies":[{"name":"wp","href":"https:\/\/api.w.org\/{rel}","templated":true}]}}