{"id":2,"date":"2017-07-05T14:15:49","date_gmt":"2017-07-05T18:15:49","guid":{"rendered":"http:\/\/lab.naranjaweb.cl\/semeval\/?page_id=2"},"modified":"2022-06-03T15:12:00","modified_gmt":"2022-06-03T19:12:00","slug":"nosotros","status":"publish","type":"page","link":"https:\/\/www.semeval.cl\/newsite\/nosotros\/","title":{"rendered":"Nosotros"},"content":{"rendered":"<p><strong>Laboratorio Cl\u00ednico SEMEVAL<\/strong>, nace el a\u00f1o 2006 luego de la fusi\u00f3n de otras instituciones de salud. Nuestro prop\u00f3sito es brindar a nuestros pacientes una atenci\u00f3n de calidad, confiabilidad de nuestros resultados y rapidez en su entrega.<\/p>\n<p>Para eso contamos con personal profesional y t\u00e9cnico calificado y equipamiento de \u00faltima generaci\u00f3n para laboratorio cl\u00ednico. Ademas estamos adscritos al Programa de Evaluaci\u00f3n Externa de la Calidad (PEEC) del ISP (Instituto de Salud P\u00fablica de Chile).<\/p>\n","protected":false},"excerpt":{"rendered":"<p>Laboratorio Cl\u00ednico SEMEVAL, nace el a\u00f1o 2006 luego de la fusi\u00f3n de otras instituciones de salud. Nuestro prop\u00f3sito es brindar a nuestros pacientes una atenci\u00f3n de calidad, confiabilidad de nuestros resultados y rapidez en su entrega. Para eso contamos con personal profesional y t\u00e9cnico calificado y equipamiento de \u00faltima generaci\u00f3n para laboratorio cl\u00ednico. Ademas estamos [&hellip;]<\/p>\n","protected":false},"author":1,"featured_media":0,"parent":0,"menu_order":0,"comment_status":"closed","ping_status":"closed","template":"","meta":[],"yoast_head":"<!-- This site is optimized with the Yoast SEO plugin v15.5 - https:\/\/yoast.com\/wordpress\/plugins\/seo\/ -->\n<meta name=\"robots\" content=\"index, follow, max-snippet:-1, max-image-preview:large, max-video-preview:-1\" \/>\n<link rel=\"canonical\" href=\"https:\/\/www.semeval.cl\/newsite\/nosotros\/\" \/>\n<meta property=\"og:locale\" content=\"es_ES\" \/>\n<meta property=\"og:type\" content=\"article\" \/>\n<meta property=\"og:title\" content=\"Nosotros - Semeval\" \/>\n<meta property=\"og:description\" content=\"Laboratorio Cl\u00ednico SEMEVAL, nace el a\u00f1o 2006 luego de la fusi\u00f3n de otras instituciones de salud. Nuestro prop\u00f3sito es brindar a nuestros pacientes una atenci\u00f3n de calidad, confiabilidad de nuestros resultados y rapidez en su entrega. Para eso contamos con personal profesional y t\u00e9cnico calificado y equipamiento de \u00faltima generaci\u00f3n para laboratorio cl\u00ednico. Ademas estamos [&hellip;]\" \/>\n<meta property=\"og:url\" content=\"https:\/\/www.semeval.cl\/newsite\/nosotros\/\" \/>\n<meta property=\"og:site_name\" content=\"Semeval\" \/>\n<meta property=\"article:modified_time\" content=\"2022-06-03T19:12:00+00:00\" \/>\n<meta name=\"twitter:card\" content=\"summary\" \/>\n<meta name=\"twitter:label1\" content=\"Tiempo de lectura\">\n\t<meta name=\"twitter:data1\" content=\"0 minutos\">\n<script type=\"application\/ld+json\" class=\"yoast-schema-graph\">{\"@context\":\"https:\/\/schema.org\",\"@graph\":[{\"@type\":\"WebSite\",\"@id\":\"https:\/\/www.semeval.cl\/newsite\/#website\",\"url\":\"https:\/\/www.semeval.cl\/newsite\/\",\"name\":\"Semeval\",\"description\":\"Laboratorio Cl\\u00ednico\",\"potentialAction\":[{\"@type\":\"SearchAction\",\"target\":\"https:\/\/www.semeval.cl\/newsite\/?s={search_term_string}\",\"query-input\":\"required name=search_term_string\"}],\"inLanguage\":\"es\"},{\"@type\":\"WebPage\",\"@id\":\"https:\/\/www.semeval.cl\/newsite\/nosotros\/#webpage\",\"url\":\"https:\/\/www.semeval.cl\/newsite\/nosotros\/\",\"name\":\"Nosotros - Semeval\",\"isPartOf\":{\"@id\":\"https:\/\/www.semeval.cl\/newsite\/#website\"},\"datePublished\":\"2017-07-05T18:15:49+00:00\",\"dateModified\":\"2022-06-03T19:12:00+00:00\",\"breadcrumb\":{\"@id\":\"https:\/\/www.semeval.cl\/newsite\/nosotros\/#breadcrumb\"},\"inLanguage\":\"es\",\"potentialAction\":[{\"@type\":\"ReadAction\",\"target\":[\"https:\/\/www.semeval.cl\/newsite\/nosotros\/\"]}]},{\"@type\":\"BreadcrumbList\",\"@id\":\"https:\/\/www.semeval.cl\/newsite\/nosotros\/#breadcrumb\",\"itemListElement\":[{\"@type\":\"ListItem\",\"position\":1,\"item\":{\"@type\":\"WebPage\",\"@id\":\"https:\/\/www.semeval.cl\/newsite\/\",\"url\":\"https:\/\/www.semeval.cl\/newsite\/\",\"name\":\"Portada\"}},{\"@type\":\"ListItem\",\"position\":2,\"item\":{\"@type\":\"WebPage\",\"@id\":\"https:\/\/www.semeval.cl\/newsite\/nosotros\/\",\"url\":\"https:\/\/www.semeval.cl\/newsite\/nosotros\/\",\"name\":\"Nosotros\"}}]}]}<\/script>\n<!-- \/ Yoast SEO plugin. -->","_links":{"self":[{"href":"https:\/\/www.semeval.cl\/newsite\/wp-json\/wp\/v2\/pages\/2"}],"collection":[{"href":"https:\/\/www.semeval.cl\/newsite\/wp-json\/wp\/v2\/pages"}],"about":[{"href":"https:\/\/www.semeval.cl\/newsite\/wp-json\/wp\/v2\/types\/page"}],"author":[{"embeddable":true,"href":"https:\/\/www.semeval.cl\/newsite\/wp-json\/wp\/v2\/users\/1"}],"replies":[{"embeddable":true,"href":"https:\/\/www.semeval.cl\/newsite\/wp-json\/wp\/v2\/comments?post=2"}],"version-history":[{"count":10,"href":"https:\/\/www.semeval.cl\/newsite\/wp-json\/wp\/v2\/pages\/2\/revisions"}],"predecessor-version":[{"id":249,"href":"https:\/\/www.semeval.cl\/newsite\/wp-json\/wp\/v2\/pages\/2\/revisions\/249"}],"wp:attachment":[{"href":"https:\/\/www.semeval.cl\/newsite\/wp-json\/wp\/v2\/media?parent=2"}],"curies":[{"name":"wp","href":"https:\/\/api.w.org\/{rel}","templated":true}]}}