{"id":85,"date":"2017-07-14T16:26:53","date_gmt":"2017-07-14T20:26:53","guid":{"rendered":"http:\/\/lab.naranjaweb.cl\/semeval\/?page_id=85"},"modified":"2022-09-13T10:36:29","modified_gmt":"2022-09-13T14:36:29","slug":"preguntas-frecuentes","status":"publish","type":"page","link":"https:\/\/www.semeval.cl\/newsite\/preguntas-frecuentes\/","title":{"rendered":"Preguntas Frecuentes"},"content":{"rendered":"<p><strong>\u00bfHay que pagar para obtener los resultados?<\/strong><\/p>\n<p>No. Este servicio es completamente gratuito.<\/p>\n<p><strong>No se ven bien las p\u00e1ginas en algunos navegadores<\/strong><\/p>\n<p>Este servicio funcionar\u00e1 mejor en Chrome o Mozilla Firefox. Recomendamos que actualices estos navegadores a las versiones m\u00e1s recientes.<\/p>\n<p><strong>No tengo Internet, \u00bfpuede otra persona registrarse en mi nombre?<\/strong><\/p>\n<p>Si no tienes o no puedes acceder a Internet puedes pedir a alguien de tu confianza que se registre en tu nombre. Para ello debes darle tu n\u00famero de c\u00e9dula para que inicie el proceso de registro. Hacemos hincapi\u00e9 en que tu eres el responsable a quien otorgar poder para registrase en tu nombre. No nos hacemos responsable del uso que haga este tercero de la informaci\u00f3n all\u00ed contenida.<\/p>\n","protected":false},"excerpt":{"rendered":"<p>\u00bfHay que pagar para obtener los resultados? No. Este servicio es completamente gratuito. No se ven bien las p\u00e1ginas en algunos navegadores Este servicio funcionar\u00e1 mejor en Chrome o Mozilla Firefox. Recomendamos que actualices estos navegadores a las versiones m\u00e1s recientes. No tengo Internet, \u00bfpuede otra persona registrarse en mi nombre? Si no tienes o [&hellip;]<\/p>\n","protected":false},"author":1,"featured_media":0,"parent":0,"menu_order":0,"comment_status":"closed","ping_status":"closed","template":"","meta":[],"yoast_head":"<!-- This site is optimized with the Yoast SEO plugin v15.5 - https:\/\/yoast.com\/wordpress\/plugins\/seo\/ -->\n<meta name=\"robots\" content=\"index, follow, max-snippet:-1, max-image-preview:large, max-video-preview:-1\" \/>\n<link rel=\"canonical\" href=\"https:\/\/www.semeval.cl\/newsite\/preguntas-frecuentes\/\" \/>\n<meta property=\"og:locale\" content=\"es_ES\" \/>\n<meta property=\"og:type\" content=\"article\" \/>\n<meta property=\"og:title\" content=\"Preguntas Frecuentes - Semeval\" \/>\n<meta property=\"og:description\" content=\"\u00bfHay que pagar para obtener los resultados? No. Este servicio es completamente gratuito. No se ven bien las p\u00e1ginas en algunos navegadores Este servicio funcionar\u00e1 mejor en Chrome o Mozilla Firefox. Recomendamos que actualices estos navegadores a las versiones m\u00e1s recientes. No tengo Internet, \u00bfpuede otra persona registrarse en mi nombre? Si no tienes o [&hellip;]\" \/>\n<meta property=\"og:url\" content=\"https:\/\/www.semeval.cl\/newsite\/preguntas-frecuentes\/\" \/>\n<meta property=\"og:site_name\" content=\"Semeval\" \/>\n<meta property=\"article:modified_time\" content=\"2022-09-13T14:36:29+00:00\" \/>\n<meta name=\"twitter:card\" content=\"summary\" \/>\n<meta name=\"twitter:label1\" content=\"Tiempo de lectura\">\n\t<meta name=\"twitter:data1\" content=\"1 minuto\">\n<script type=\"application\/ld+json\" class=\"yoast-schema-graph\">{\"@context\":\"https:\/\/schema.org\",\"@graph\":[{\"@type\":\"WebSite\",\"@id\":\"https:\/\/www.semeval.cl\/newsite\/#website\",\"url\":\"https:\/\/www.semeval.cl\/newsite\/\",\"name\":\"Semeval\",\"description\":\"Laboratorio Cl\\u00ednico\",\"potentialAction\":[{\"@type\":\"SearchAction\",\"target\":\"https:\/\/www.semeval.cl\/newsite\/?s={search_term_string}\",\"query-input\":\"required name=search_term_string\"}],\"inLanguage\":\"es\"},{\"@type\":\"WebPage\",\"@id\":\"https:\/\/www.semeval.cl\/newsite\/preguntas-frecuentes\/#webpage\",\"url\":\"https:\/\/www.semeval.cl\/newsite\/preguntas-frecuentes\/\",\"name\":\"Preguntas Frecuentes - Semeval\",\"isPartOf\":{\"@id\":\"https:\/\/www.semeval.cl\/newsite\/#website\"},\"datePublished\":\"2017-07-14T20:26:53+00:00\",\"dateModified\":\"2022-09-13T14:36:29+00:00\",\"breadcrumb\":{\"@id\":\"https:\/\/www.semeval.cl\/newsite\/preguntas-frecuentes\/#breadcrumb\"},\"inLanguage\":\"es\",\"potentialAction\":[{\"@type\":\"ReadAction\",\"target\":[\"https:\/\/www.semeval.cl\/newsite\/preguntas-frecuentes\/\"]}]},{\"@type\":\"BreadcrumbList\",\"@id\":\"https:\/\/www.semeval.cl\/newsite\/preguntas-frecuentes\/#breadcrumb\",\"itemListElement\":[{\"@type\":\"ListItem\",\"position\":1,\"item\":{\"@type\":\"WebPage\",\"@id\":\"https:\/\/www.semeval.cl\/newsite\/\",\"url\":\"https:\/\/www.semeval.cl\/newsite\/\",\"name\":\"Portada\"}},{\"@type\":\"ListItem\",\"position\":2,\"item\":{\"@type\":\"WebPage\",\"@id\":\"https:\/\/www.semeval.cl\/newsite\/preguntas-frecuentes\/\",\"url\":\"https:\/\/www.semeval.cl\/newsite\/preguntas-frecuentes\/\",\"name\":\"Preguntas Frecuentes\"}}]}]}<\/script>\n<!-- \/ Yoast SEO plugin. -->","_links":{"self":[{"href":"https:\/\/www.semeval.cl\/newsite\/wp-json\/wp\/v2\/pages\/85"}],"collection":[{"href":"https:\/\/www.semeval.cl\/newsite\/wp-json\/wp\/v2\/pages"}],"about":[{"href":"https:\/\/www.semeval.cl\/newsite\/wp-json\/wp\/v2\/types\/page"}],"author":[{"embeddable":true,"href":"https:\/\/www.semeval.cl\/newsite\/wp-json\/wp\/v2\/users\/1"}],"replies":[{"embeddable":true,"href":"https:\/\/www.semeval.cl\/newsite\/wp-json\/wp\/v2\/comments?post=85"}],"version-history":[{"count":3,"href":"https:\/\/www.semeval.cl\/newsite\/wp-json\/wp\/v2\/pages\/85\/revisions"}],"predecessor-version":[{"id":253,"href":"https:\/\/www.semeval.cl\/newsite\/wp-json\/wp\/v2\/pages\/85\/revisions\/253"}],"wp:attachment":[{"href":"https:\/\/www.semeval.cl\/newsite\/wp-json\/wp\/v2\/media?parent=85"}],"curies":[{"name":"wp","href":"https:\/\/api.w.org\/{rel}","templated":true}]}}