{"id":88,"date":"2017-07-14T16:32:34","date_gmt":"2017-07-14T20:32:34","guid":{"rendered":"http:\/\/lab.naranjaweb.cl\/semeval\/?page_id=88"},"modified":"2017-07-15T17:38:42","modified_gmt":"2017-07-15T21:38:42","slug":"terminos-del-servicio","status":"publish","type":"page","link":"https:\/\/www.semeval.cl\/newsite\/terminos-del-servicio\/","title":{"rendered":"Terminos del Servicio"},"content":{"rendered":"<p>Bienvenido a nuestro sitio web. Si continuas navegando y utilizando nuestro sitio web est\u00e1s aceptando los siguientes t\u00e9rminos y condiciones de uso, que junto con nuestras Pol\u00edticas de Privacidad gobiernan nuestra relaci\u00f3n contigo a trav\u00e9s de este sitio web.<\/p>\n<p>El t\u00e9rmino \u00abtu sitio web\u00bb o \u00abnosotros\u00bb se refiere al propietario de este sitio web. El t\u00e9rmino \u00abtu\u00bb se refiere al usuario que esta visitando este sitio web.<\/p>\n<p><strong>El uso de este sitio web esta sujeto a los siguientes t\u00e9rminos de uso:<\/strong><\/p>\n<ul>\n<li>El contenido de las p\u00e1ginas de este sitio web es para uso general. Esta sujeto a cambios sin previo aviso.<\/li>\n<li>Ni nosotros ni terceros damos alguna garant\u00eda de precisi\u00f3n, tiempo, desempe\u00f1o o totalidad en la informaci\u00f3n y\/o el material encontrado u ofrecido en este sitio web por alg\u00fan prop\u00f3sito en particular. Reconoces que tal informaci\u00f3n y materiales pueden contener inexactitudes o errores y nosotros expresamente nos excluimos toda responsabilidad por tales inexactitudes o errores en lo m\u00e1ximo posible permitido por la ley.<\/li>\n<li>El uso de la informaci\u00f3n o material en este sitio web esta totalmente bajo tu propio riesgo, por el cual nosotros no tenemos responsabilidad. Ser\u00e1 tu propia responsabilidad el asegurarte que cualquier producto, servicio o informaci\u00f3n disponible en este sitio web cumpla tus requerimientos.<\/li>\n<li>Este sitio web contiene material el cual nos pertenece o tenemos el permiso de usarlo. Este material incluye, pero no esta limitado a, el dise\u00f1o, la vista, la apariencia y los gr\u00e1ficos. La reproducci\u00f3n esta prohibida salvo otra que el aviso de derechos reservados, el cual forma parte de estos t\u00e9rminos y condiciones<\/li>\n<li>Todas las marcas registradas reproducidas en este sitio web, las cuales no son propiedad de, o con licencia del operador, son reconocidas en este sitio web.<\/li>\n<li>El uso no autorizado de este sitio web puede causar una demanda por da\u00f1os y\/o ofensas criminales<\/li>\n<li>De vez en cuando este sitio web podr\u00e1 incluir enlaces a otros sitios web. Estos enlaces son brindados para tu conveniencia para dar m\u00e1s informaci\u00f3n. Estos enlaces no indican que endosamos dichos sitios web. No tenemos ninguna responsabilidad por el contenido de los sitios web enlazados.<\/li>\n<li>No puedes crear un enlace hacia este sitio web desde otro sitio web o documento sin nuestro previo consentimiento.<\/li>\n<li>Tu uso de este sitio web y cualquier disputa surgida del uso de este sitio web esta sujeto a las leyes de la Rep\u00fablica de Chile<\/li>\n<\/ul>\n<h3>Pol\u00edtica de Privacidad<\/h3>\n<p><strong>Tabla de Contenidos:<\/strong><\/p>\n<ul>\n<li>Nuestro Compromiso con la Privacidad<\/li>\n<li>La Informaci\u00f3n que Colectamos<\/li>\n<li>La Forma en que Usamos esta Informaci\u00f3n<\/li>\n<li>Nuestro Compromiso con la Seguridad de la Informaci\u00f3n<\/li>\n<li>Nuestro Compromiso con la Privacidad de los Ni\u00f1os<\/li>\n<li>Como Podr\u00e1s Acceder o Corregir tu Informaci\u00f3n<\/li>\n<li>Como Contactarnos<\/li>\n<\/ul>\n<p><strong>Nuestro Compromiso con la Privacidad<\/strong><\/p>\n<p>Tu privacidad es importante para nosotros. Para proteger mejor tu privacidad te proveemos esta pol\u00edtica de privacidad para explicarte nuestras practicas con la informaci\u00f3n en l\u00ednea y las opciones que puedes tomar sobre la forma en que se recolecta y utiliza tu informaci\u00f3n.<\/p>\n<p><strong>La informaci\u00f3n que Colectamos:<\/strong><\/p>\n<p>Esta pol\u00edtica de privacidad aplica a toda la informaci\u00f3n recolectada o enviada a este sitio web. En algunas p\u00e1ginas, podr\u00e1s ordenar productos, hacer peticiones y registrarte para recibir informaci\u00f3n La informaci\u00f3n personal que colectamos en todas estas p\u00e1ginas son:<\/p>\n<blockquote><p>&#8211; Nombre<br \/>\n&#8211; Direcci\u00f3n de Email<\/p><\/blockquote>\n<p align=\"justify\">En algunas p\u00e1ginas, puedes enviar informaci\u00f3n sobre otras personas. Por ejemplo, si quisieras enviar informaci\u00f3n sobre nuestros servicios directamente a alguna otra persona, necesitar\u00edas enviarnos el nombre y la direcci\u00f3n del email de la otra persona. Bajo esta circunstancia, la informaci\u00f3n personal utilizada (pero no guardada) es:<\/p>\n<p>&#8211; Nombre<br \/>\n&#8211; Direcci\u00f3n de Email<\/p>\n<p><strong>La Forma en que Usamos esta Informaci\u00f3n:<\/strong><\/p>\n<p>Nosotros usamos la informaci\u00f3n que nos proporcionas \u00fanicamente a la hora de pedir\/ordenar lo que nos pidas\/ordenes. No compartimos esta informaci\u00f3n con terceros a menos que sea requerido por la ley.<\/p>\n<p>Tambi\u00e9n utilizamos la informaci\u00f3n que nos proporcionas de alguna otra persona inform\u00e1ndole sobre nuestros servicios. No compartimos su informaci\u00f3n con terceros a menos que sea requerido por la ley.<\/p>\n<p>Utilizamos la direcci\u00f3n de email de regreso para contestar todos los emails que recibimos. Tal direcci\u00f3n de email no es usada para ning\u00fan otro prop\u00f3sito con terceros.<\/p>\n<p>Puedes registrarte en nuestro sitio web en caso de que quieras recibir mas informaci\u00f3n y actualizaciones de nuestros nuevos productos y servicios que estemos brindando. La informaci\u00f3n que env\u00edes a nuestro sitio web no ser\u00e1 utilizada para este prop\u00f3sito a menos que llenes el formulario de registro.<\/p>\n<p>Utilizamos informaci\u00f3n no identificable e informaci\u00f3n conjunta para tener un mejor dise\u00f1o de nuestro sitio web y para tener espacio disponible para nuestros patrocinadores. Por ejemplo, podremos informarle a alg\u00fan patrocinador que X n\u00famero de personas visitan cierta \u00e1rea de nuestro sitio web, o que Y n\u00famero de hombres y Z de mujeres han llenado nuestro formulario de registro, pero no vamos a revelar ning\u00fan tipo de informaci\u00f3n que pueda identificar a dichos individuos.<\/p>\n<p>Por \u00faltimo, nunca utilizamos o compartimos la informaci\u00f3n personal que nos haz brindado en otras formas que no est\u00e9n relacionadas a las que te describimos m\u00e1s arriba, sin darte la oportunidad de darte de baja o prohibir dichos usos no relacionados.<\/p>\n<p><strong>Nuestro Compromiso con la Seguridad de la Informaci\u00f3n<\/strong><\/p>\n<p>Para prevenir accesos no autorizados, mantener informaci\u00f3n exacta y asegurar el uso correcto de la informaci\u00f3n, hemos puesto en lugar f\u00edsico apropiado y hemos realizado procedimientos directivos para guardar y proteger la informaci\u00f3n que recolectamos en l\u00ednea.<\/p>\n<p><strong>Nuestro Compromiso con la Privacidad de los Ni\u00f1os.<\/strong><\/p>\n<p>Proteger la privacidad de los mas j\u00f3venes es muy importante. Por esta raz\u00f3n, nunca colectaremos o mantendremos la informaci\u00f3n en nuestro sitio web de aquellos que tienen menos de 13 a\u00f1os, ninguna parte de nuestro sitio web ha sido estructurada para atraer a personas menores a 13 a\u00f1os.<\/p>\n<p><strong>Como Podr\u00e1s Acceder o Corregir tu Informaci\u00f3n<\/strong><\/p>\n<p>Para poder acceder a toda tu informaci\u00f3n personal que recolectamos en l\u00ednea, tan solo cont\u00e1ctanos. Utilizamos este procedimiento para proteger mejor tu informaci\u00f3n<\/p>\n<p>Podr\u00e1s corregir los errores en tu informaci\u00f3n personal envi\u00e1ndonos una petici\u00f3n que nos muestre el error indicado.<\/p>\n<p>Para proteger lo mejor posible tu privacidad y seguridad, tambi\u00e9n hemos tomado los pasos adecuados para verificar tu identidad antes de brindarte acceso o realizar correcciones.<\/p>\n<p><strong>Como Contactarnos<\/strong><\/p>\n<p>Para contactarnos, por favor accede a nuestra p\u00e1gina de contacto.<\/p>\n","protected":false},"excerpt":{"rendered":"<p>Bienvenido a nuestro sitio web. Si continuas navegando y utilizando nuestro sitio web est\u00e1s aceptando los siguientes t\u00e9rminos y condiciones de uso, que junto con nuestras Pol\u00edticas de Privacidad gobiernan nuestra relaci\u00f3n contigo a trav\u00e9s de este sitio web. El t\u00e9rmino \u00abtu sitio web\u00bb o \u00abnosotros\u00bb se refiere al propietario de este sitio web. El [&hellip;]<\/p>\n","protected":false},"author":1,"featured_media":0,"parent":0,"menu_order":0,"comment_status":"closed","ping_status":"closed","template":"","meta":[],"yoast_head":"<!-- This site is optimized with the Yoast SEO plugin v15.5 - https:\/\/yoast.com\/wordpress\/plugins\/seo\/ -->\n<meta name=\"robots\" content=\"index, follow, max-snippet:-1, max-image-preview:large, max-video-preview:-1\" \/>\n<link rel=\"canonical\" href=\"https:\/\/www.semeval.cl\/newsite\/terminos-del-servicio\/\" \/>\n<meta property=\"og:locale\" content=\"es_ES\" \/>\n<meta property=\"og:type\" content=\"article\" \/>\n<meta property=\"og:title\" content=\"Terminos del Servicio - Semeval\" \/>\n<meta property=\"og:description\" content=\"Bienvenido a nuestro sitio web. Si continuas navegando y utilizando nuestro sitio web est\u00e1s aceptando los siguientes t\u00e9rminos y condiciones de uso, que junto con nuestras Pol\u00edticas de Privacidad gobiernan nuestra relaci\u00f3n contigo a trav\u00e9s de este sitio web. El t\u00e9rmino \u00abtu sitio web\u00bb o \u00abnosotros\u00bb se refiere al propietario de este sitio web. El [&hellip;]\" \/>\n<meta property=\"og:url\" content=\"https:\/\/www.semeval.cl\/newsite\/terminos-del-servicio\/\" \/>\n<meta property=\"og:site_name\" content=\"Semeval\" \/>\n<meta property=\"article:modified_time\" content=\"2017-07-15T21:38:42+00:00\" \/>\n<meta name=\"twitter:card\" content=\"summary\" \/>\n<meta name=\"twitter:label1\" content=\"Tiempo de lectura\">\n\t<meta name=\"twitter:data1\" content=\"5 minutos\">\n<script type=\"application\/ld+json\" class=\"yoast-schema-graph\">{\"@context\":\"https:\/\/schema.org\",\"@graph\":[{\"@type\":\"WebSite\",\"@id\":\"https:\/\/www.semeval.cl\/newsite\/#website\",\"url\":\"https:\/\/www.semeval.cl\/newsite\/\",\"name\":\"Semeval\",\"description\":\"Laboratorio Cl\\u00ednico\",\"potentialAction\":[{\"@type\":\"SearchAction\",\"target\":\"https:\/\/www.semeval.cl\/newsite\/?s={search_term_string}\",\"query-input\":\"required name=search_term_string\"}],\"inLanguage\":\"es\"},{\"@type\":\"WebPage\",\"@id\":\"https:\/\/www.semeval.cl\/newsite\/terminos-del-servicio\/#webpage\",\"url\":\"https:\/\/www.semeval.cl\/newsite\/terminos-del-servicio\/\",\"name\":\"Terminos del Servicio - Semeval\",\"isPartOf\":{\"@id\":\"https:\/\/www.semeval.cl\/newsite\/#website\"},\"datePublished\":\"2017-07-14T20:32:34+00:00\",\"dateModified\":\"2017-07-15T21:38:42+00:00\",\"breadcrumb\":{\"@id\":\"https:\/\/www.semeval.cl\/newsite\/terminos-del-servicio\/#breadcrumb\"},\"inLanguage\":\"es\",\"potentialAction\":[{\"@type\":\"ReadAction\",\"target\":[\"https:\/\/www.semeval.cl\/newsite\/terminos-del-servicio\/\"]}]},{\"@type\":\"BreadcrumbList\",\"@id\":\"https:\/\/www.semeval.cl\/newsite\/terminos-del-servicio\/#breadcrumb\",\"itemListElement\":[{\"@type\":\"ListItem\",\"position\":1,\"item\":{\"@type\":\"WebPage\",\"@id\":\"https:\/\/www.semeval.cl\/newsite\/\",\"url\":\"https:\/\/www.semeval.cl\/newsite\/\",\"name\":\"Portada\"}},{\"@type\":\"ListItem\",\"position\":2,\"item\":{\"@type\":\"WebPage\",\"@id\":\"https:\/\/www.semeval.cl\/newsite\/terminos-del-servicio\/\",\"url\":\"https:\/\/www.semeval.cl\/newsite\/terminos-del-servicio\/\",\"name\":\"Terminos del Servicio\"}}]}]}<\/script>\n<!-- \/ Yoast SEO plugin. -->","_links":{"self":[{"href":"https:\/\/www.semeval.cl\/newsite\/wp-json\/wp\/v2\/pages\/88"}],"collection":[{"href":"https:\/\/www.semeval.cl\/newsite\/wp-json\/wp\/v2\/pages"}],"about":[{"href":"https:\/\/www.semeval.cl\/newsite\/wp-json\/wp\/v2\/types\/page"}],"author":[{"embeddable":true,"href":"https:\/\/www.semeval.cl\/newsite\/wp-json\/wp\/v2\/users\/1"}],"replies":[{"embeddable":true,"href":"https:\/\/www.semeval.cl\/newsite\/wp-json\/wp\/v2\/comments?post=88"}],"version-history":[{"count":9,"href":"https:\/\/www.semeval.cl\/newsite\/wp-json\/wp\/v2\/pages\/88\/revisions"}],"predecessor-version":[{"id":125,"href":"https:\/\/www.semeval.cl\/newsite\/wp-json\/wp\/v2\/pages\/88\/revisions\/125"}],"wp:attachment":[{"href":"https:\/\/www.semeval.cl\/newsite\/wp-json\/wp\/v2\/media?parent=88"}],"curies":[{"name":"wp","href":"https:\/\/api.w.org\/{rel}","templated":true}]}}